{"id":307,"date":"2016-04-06T16:57:19","date_gmt":"2016-04-06T14:57:19","guid":{"rendered":"http:\/\/paologoziosrl.com\/?page_id=307"},"modified":"2016-04-06T17:02:03","modified_gmt":"2016-04-06T15:02:03","slug":"privacy","status":"publish","type":"page","link":"https:\/\/paologoziosrl.com\/index.php\/privacy\/","title":{"rendered":"Privacy &#038; Cookies Policy"},"content":{"rendered":"<p><strong>Privacy e trattamento dei dati personali<\/strong><\/p>\n<p>Informativa sull\u2019adempimento della normativa nazionale italiana in materia di privacy ai sensi del D. Lgs. 196\/2003 \u201cCodice sulla Pivacy\u201d<\/p>\n<p>Il titolare del trattamento dei dati \u00e8 Paolo Gozio S.r.l. Costruzioni Meccaniche<br \/>\nSede Amm. e Prod. Via G. Falcone, 11\/13 &#8211; 25035 Ospitaletto (Bs)<br \/>\nCod. Fisc. e P.Iva 02141610986 &#8211; Registro imprese BS83865\/2000 Brescia &#8211; CCIAA BS423443 Brescia<br \/>\nCapitale sociale \u20ac.10.500,00 I. V.<\/p>\n<p><strong>Fruizione del sito<\/strong><\/p>\n<p>La semplice consultazione del sito Internet non richiede alcuna registrazione di dati personali.<\/p>\n<p>L\u2019utilizzo del form di richiesta informazioni e l\u2019iscrizione alla newsletter sono facoltativi, e comunque l\u2019utilizzo dei dati inseriti da parte del titolare \u00e8 limitato esclusivamente alle finalit\u00e0 dei form stessi. Pertanto, espletate le richieste, i dati vengono cancellati senza possibilit\u00e0 di poter essere recuperati.<\/p>\n<p>Ne deriva pertanto che nessuno dei dati inseriti nei form di richiesta informazioni o nell\u2019iscrizione alla newsletter viene ceduto a terzi.<\/p>\n<p>Il titolare conserva i dati tecnici relativi alle connessioni (log) a puri fini statistici, al fine di monitorare il numero di visite e il traffico generato. Per tale motivo l\u2019indirizzo IP del navigatore viene registrato e monitorato dal titolare e dai fornitori del servizio di hosting del sito, soltanto per i fini citati.<\/p>\n<p>Tali dati non consentono un\u2019identificazione dell\u2019utente se non in seguito ad una serie di operazioni di elaborazione e interconnessione, e necessariamente attraverso dati forniti da altri provider. Operazioni che potranno essere effettuate esclusivamente su richiesta delle competenti Autorit\u00e0 Giudiziarie, a ci\u00f2 autorizzate da espresse disposizioni di legge atte a prevenire e\/o reprimere i reati.<\/p>\n<p>I dati personali, raccolti e conservati in banche dati del titolare, sono trattati da dipendenti e\/o collaboratori del titolare del trattamento in qualit\u00e0 di incaricati. Non sono oggetto di diffusione o comunicazione a Terzi, se non nei casi previsti dalla informativa e\/o dalla Legge e, comunque, con le modalit\u00e0 da questa consentite.<\/p>\n<p>Gli utenti\/visitatori hanno facolt\u00e0 di esercitare i diritti previsti dall\u2019art. 7 del D. Lgs. 196\/03. In ogni momento, inoltre, esercitando il diritto di recesso da tutti i servizi sottoscritti, \u00e8 possibile chiedere la cancellazione totale dei dati forniti.<\/p>\n<p><strong>Informazioni generali sulle norme relative al consenso all\u2019uso dei cookie<\/strong><\/p>\n<p>La legislazione italiana (art. 122 del D.Lgs. 196\/03 \u201cCodice in materia di protezione dei dati personali\u201d) ha introdotto una Direttiva Europea che impone ai gestori dei siti web che utilizzano cookie o altre tecnologie di monitoraggio di informare l\u2019utente circa le tipologie di eventuali cookie utilizzati dal sito.<br \/>\nIl Provvedimento del Garante per la protezione dei dati personali n. 229 del 8 maggio 2014, pubblicato sulla G.U. n. 126 del 3 giugno 2014, ha categorizzato i cookie in due macro-categorie: cookie &#8220;tecnici&#8221; e cookie &#8220;di profilazione pubblicitaria&#8221;.<\/p>\n<p><strong>Cosa Sono i Cookie<\/strong><\/p>\n<p>I cookie sono piccoli file di testo che i siti visitati dagli utenti inviano ai loro terminali, dove vengono memorizzati per essere ritrasmessi agli stessi siti in occasione di visite successive. I cookie sono utilizzati per diverse finalit\u00e0, hanno caratteristiche diverse, e possono essere utilizzati sia dal titolare del sito che si sta visitando, sia da terze parti.<\/p>\n<p><strong>Cookie Tecnici<\/strong><\/p>\n<p>Si tratta di cookie indispensabili per il corretto funzionamento del sito e all\u2019erogazione del servizio.<br \/>\nTutti i cookie tecnici non richiedono consenso, perci\u00f2 vengono installati automaticamente a seguito dell\u2019accesso al Sito.<\/p>\n<p><strong>Cookie di Analisi e Prestazioni<\/strong><\/p>\n<p>Sono cookie utilizzati per raccogliere e analizzare il traffico e l&#8217;utilizzo del sito in modo anonimo.<br \/>\nQuesti cookie, pur senza identificare l&#8217;utente, consentono, per esempio, di rilevare se il medesimo utente torna a collegarsi in momenti diversi. Permettono inoltre di monitorare il sistema e migliorarne le prestazioni e l&#8217;usabilit\u00e0.<br \/>\nLa disattivazione di tali cookie pu\u00f2 essere eseguita senza alcuna perdita di funzionalit\u00e0.<\/p>\n<p><strong>Cookie di Profilazione<\/strong><\/p>\n<p>Si tratta di cookie permanenti utilizzati per identificare (in modo anonimo e non) le preferenze dell&#8217;utente e migliorare la sua esperienza di navigazione.<br \/>\n<strong>Questo sito non utilizza cookie di questo tipo.<\/strong><\/p>\n<p><strong>Cooke di Terze Parti<\/strong><\/p>\n<p>Visitando un sito web si possono ricevere cookie sia dal sito visitato, sia da siti gestiti da altre organizzazioni (terze parti).<br \/>\nAd esempio i social plugin\u009d per Facebook, Twitter, Google+ e LinkedIn.<br \/>\nSi tratta di parti della pagina visitata generate direttamente dai suddetti siti ed integrati nella pagina del sito ospitante. L&#8217;utilizzo pi\u00f9 comune dei social plugin \u00e8 finalizzato alla condivisione dei contenuti sui social network.<br \/>\nLa presenza di questi plugin comporta la trasmissione di cookie da e verso tutti i siti gestiti da terze parti.<br \/>\n<strong>La gestione delle informazioni raccolte da terze parti \u00e8 disciplinata dalle relative informative.<\/strong><\/p>\n<p><strong>Google Analitycs<\/strong><\/p>\n<p><strong>Questo sito include componenti trasmessi da Google Analytics<\/strong>, un servizio di analisi del traffico web fornito da Google.<br \/>\nAnche in questo caso si tratta di cookie di terze parti.<br \/>\nGoogle Analytics utilizza i cookie per raccogliere e analizzare in forma anonima le informazioni sui comportamenti di utilizzo dei siti web (compreso l&#8217;indirizzo IP dell&#8217;utente).<\/p>\n<p><a href=\"http:\/\/www.google.com\/intl\/it\/policies\/privacy\/\" target=\"_blank\">Tutte le informazioni<\/a><\/p>\n<p><strong>Durata dei cookie<\/strong><\/p>\n<p>Alcuni cookie (cookie di sessione) restano attivi solo fino alla chiusura del browser o all&#8217;esecuzione del comando di logout.<br \/>\nAltri cookie sopravvivono alla chiusura del browser e sono disponibili anche in successive visite dell&#8217;utente.<br \/>\nQuesti cookie sono detti persistenti e la loro durata \u00e8 fissata dal server al momento della loro creazione.<br \/>\nIn alcuni casi \u00e8 fissata una scadenza, in altri casi la durata \u00e8 illimitata.<br \/>\n<strong>Questo sito non fa uso di cookie persistenti.<\/strong><\/p>\n<p><strong>Gestione dei Cookie<\/strong><\/p>\n<p>L&#8217;utente pu\u00f2 decidere se accettare o meno i cookie utilizzando le impostazioni del proprio browser.<br \/>\n<strong>Attenzione<\/strong>: la disabilitazione totale o parziale dei cookie tecnici pu\u00f2 compromettere l&#8217;utilizzo delle funzionalit\u00e0 del sito.<br \/>\nLa disabilitazione dei cookie di terze parti non pregiudica in alcun modo la navigabilit\u00e0.<br \/>\nI migliori browser consentono di definire impostazioni diverse per i cookie proprietari\u009d e per quelli di terze parti.<br \/>\nDi seguito i link che spiegano come disabilitare i cookie per i browser pi\u00f9 diffusi:<\/p>\n<p><a href=\"http:\/\/windows.microsoft.com\/it-it\/windows7\/how-to-manage-cookies-in-internet-explorer-9\" target=\"_blank\">Internet Explorer<\/a><br \/>\n<a href=\"https:\/\/support.google.com\/chrome\/answer\/95647?hl=it\" target=\"_blank\">Google Chrome<\/a><br \/>\n<a href=\"https:\/\/support.mozilla.org\/it\/kb\/Gestione%20dei%20cookie\" target=\"_blank\">Mozilla Firefox<\/a><br \/>\n<a href=\"https:\/\/support.apple.com\/it-it\/HT201265\" target=\"_blank\">Apple Safari<\/a><br \/>\n<a href=\"http:\/\/help.opera.com\/Windows\/10.00\/it\/cookies.html\" target=\"_blank\">Opera<\/a><\/p>\n","protected":false},"excerpt":{"rendered":"<p>Privacy e trattamento dei dati personali Informativa sull\u2019adempimento della normativa nazionale italiana in materia di privacy ai sensi del D. Lgs. 196\/2003 \u201cCodice sulla Pivacy\u201d Il titolare del trattamento dei dati \u00e8 Paolo Gozio S.r.l. Costruzioni Meccaniche Sede Amm. e &hellip; <a class=\"kt-excerpt-readmore more-link\" href=\"https:\/\/paologoziosrl.com\/index.php\/privacy\/\" aria-label=\"Privacy &#038; Cookies Policy\">Continua a leggere<\/a><\/p>\n","protected":false},"author":1,"featured_media":0,"parent":0,"menu_order":0,"comment_status":"closed","ping_status":"closed","template":"page-feature.php","meta":{"footnotes":""},"class_list":["post-307","page","type-page","status-publish","hentry"],"_links":{"self":[{"href":"https:\/\/paologoziosrl.com\/index.php\/wp-json\/wp\/v2\/pages\/307"}],"collection":[{"href":"https:\/\/paologoziosrl.com\/index.php\/wp-json\/wp\/v2\/pages"}],"about":[{"href":"https:\/\/paologoziosrl.com\/index.php\/wp-json\/wp\/v2\/types\/page"}],"author":[{"embeddable":true,"href":"https:\/\/paologoziosrl.com\/index.php\/wp-json\/wp\/v2\/users\/1"}],"replies":[{"embeddable":true,"href":"https:\/\/paologoziosrl.com\/index.php\/wp-json\/wp\/v2\/comments?post=307"}],"version-history":[{"count":3,"href":"https:\/\/paologoziosrl.com\/index.php\/wp-json\/wp\/v2\/pages\/307\/revisions"}],"predecessor-version":[{"id":311,"href":"https:\/\/paologoziosrl.com\/index.php\/wp-json\/wp\/v2\/pages\/307\/revisions\/311"}],"wp:attachment":[{"href":"https:\/\/paologoziosrl.com\/index.php\/wp-json\/wp\/v2\/media?parent=307"}],"curies":[{"name":"wp","href":"https:\/\/api.w.org\/{rel}","templated":true}]}}